{"id":98838,"date":"2023-10-24T05:34:45","date_gmt":"2023-10-24T05:34:45","guid":{"rendered":"http:\/\/192.168.0.132:10011\/tab-style-two-copy\/"},"modified":"2023-10-24T05:34:45","modified_gmt":"2023-10-24T05:34:45","slug":"tab-style-three","status":"publish","type":"page","link":"https:\/\/aatlantica.com\/pt\/tab-style-three\/","title":{"rendered":"Estilo de registro tr\u00eas"},"content":{"rendered":"<div data-elementor-type=\"wp-page\" data-elementor-id=\"98838\" class=\"elementor elementor-98838\" data-elementor-post-type=\"page\">\n\t\t\t\t\t\t<section class=\"default show_shadow elementor-section elementor-top-section elementor-element elementor-element-6d64f36 elementor-section-boxed elementor-section-height-default elementor-section-height-default\" data-id=\"6d64f36\" data-element_type=\"section\" data-settings=\"{&quot;background_background&quot;:&quot;classic&quot;}\">\n\t\t\t\t\t\t\t<div class=\"elementor-background-overlay\"><\/div>\n\t\t\t\t\t\t\t<div class=\"elementor-container elementor-column-gap-default\">\n\t\t\t\t\t<div class=\"elementor-column elementor-col-100 elementor-top-column elementor-element elementor-element-72e6a31\" data-id=\"72e6a31\" data-element_type=\"column\">\n\t\t\t<div class=\"elementor-widget-wrap elementor-element-populated\">\n\t\t\t\t\t\t<div class=\"elementor-element elementor-element-a847e16 elementor-widget elementor-widget-rs-breadcrumb\" data-id=\"a847e16\" data-element_type=\"widget\" data-widget_type=\"rs-breadcrumb.default\">\n\t\t\t\t<div class=\"elementor-widget-container\">\n\t\t\t\t\t                    <div class=\"breadcrumb-area style2\"> \n                <div class=\"breadcrumbs-inner\"> \n                    <span property=\"itemListElement\" typeof=\"ListItem\"><a property=\"item\" typeof=\"WebPage\" title=\"V\u00e1 para Atlantica.\" href=\"https:\/\/aatlantica.com\/pt\" class=\"home\" ><span property=\"name\">Atl\u00e2ntica<\/span><\/a><meta property=\"position\" content=\"1\"><\/span> &gt; <span property=\"itemListElement\" typeof=\"ListItem\"><a property=\"item\" typeof=\"WebPage\" title=\"Ir para o blog.\" href=\"https:\/\/aatlantica.com\/pt\/blog\/\" class=\"post-root post post-post\" aria-current=\"page\"><span property=\"name\">Blog<\/span><\/a><meta property=\"position\" content=\"2\"><\/span>                <\/div>\n            <\/div> \n          \n    \t\t\t\t<\/div>\n\t\t\t\t<\/div>\n\t\t\t\t<div class=\"elementor-element elementor-element-c1e22a3 elementor-widget elementor-widget-page-title\" data-id=\"c1e22a3\" data-element_type=\"widget\" data-widget_type=\"page-title.default\">\n\t\t\t\t<div class=\"elementor-widget-container\">\n\t\t\t\t\t\t\t\n\t\t<div class=\"hfe-page-title hfe-page-title-wrapper elementor-widget-heading\">\n\t\t\t\n\t\t\t<h1 class=\"elementor-heading-title elementor-size\">\n\t\t\t\tEstilo de registro tr\u00eas\t\t\t \n\t\t\t<\/h1> \n\n\t\t\t\t\t\t\t\t<\/div>\n\t\t\t\t\t\t<\/div>\n\t\t\t\t<\/div>\n\t\t\t\t<div class=\"elementor-element elementor-element-985cafe elementor-widget__width-initial elementor-widget elementor-widget-text-editor\" data-id=\"985cafe\" data-element_type=\"widget\" data-widget_type=\"text-editor.default\">\n\t\t\t\t\t\t\t\t\t<p>Se precisar de qualquer tipo de ap\u00f3lice de seguro em todo o mundo, entre em contato conosco sem hesita\u00e7\u00e3o. Nossa equipe de suporte especializada o ajudar\u00e1.<\/p>\t\t\t\t\t\t\t\t<\/div>\n\t\t\t\t\t<\/div>\n\t\t<\/div>\n\t\t\t\t\t<\/div>\n\t\t<\/section>\n\t\t\t\t<section class=\"default show_shadow elementor-section elementor-top-section elementor-element elementor-element-764dd00 elementor-section-stretched elementor-section-boxed elementor-section-height-default elementor-section-height-default\" data-id=\"764dd00\" data-element_type=\"section\" data-settings=\"{&quot;stretch_section&quot;:&quot;section-stretched&quot;,&quot;background_background&quot;:&quot;classic&quot;}\">\n\t\t\t\t\t\t<div class=\"elementor-container elementor-column-gap-default\">\n\t\t\t\t\t<div class=\"elementor-column elementor-col-100 elementor-top-column elementor-element elementor-element-bc265dd\" data-id=\"bc265dd\" data-element_type=\"column\">\n\t\t\t<div class=\"elementor-widget-wrap elementor-element-populated\">\n\t\t\t\t\t\t<div class=\"elementor-element elementor-element-d7f3464 elementor-widget elementor-widget-rs-tab-advanced\" data-id=\"d7f3464\" data-element_type=\"widget\" data-widget_type=\"rs-tab-advanced.default\">\n\t\t\t\t<div class=\"elementor-widget-container\">\n\t\t\t\t\t\n\n        <div class=\"rstab-main horizontal full_tab_item\">\n            <nav class=\"tab-menu-wrapper\">\n                <div class=\"nav nav-tabs none\" id=\"nav-tab-d7f3464\" role=\"tablist\">\n                                            <button class=\"nav-link active\" id=\"nav-home-1-2914451\" data-bs-toggle=\"tab\" data-bs-target=\"#tab1-2914451\" type=\"button\" role=\"tab\" aria-controls=\"nav-home-1-2914451\" aria-selected=\"true\">\n\n                            <i class=\"ri-linkedin-fill\"><\/i>\n                            Nossa Miss\u00e3o                        <\/button>\n\n                                            <button class=\"nav-link\" id=\"nav-home-2-2914451\" data-bs-toggle=\"tab\" data-bs-target=\"#tab2-2914451\" type=\"button\" role=\"tab\" aria-controls=\"nav-home-2-2914451\" aria-selected=\"true\">\n\n                            <i class=\"ri-linkedin-fill\"><\/i>\n                            Nossa vis\u00e3o                        <\/button>\n\n                                            <button class=\"nav-link\" id=\"nav-home-3-2914451\" data-bs-toggle=\"tab\" data-bs-target=\"#tab3-2914451\" type=\"button\" role=\"tab\" aria-controls=\"nav-home-3-2914451\" aria-selected=\"true\">\n\n                            <i class=\"ri-linkedin-fill\"><\/i>\n                            Nossa abordagem                        <\/button>\n\n                                    <\/div>\n            <\/nav>\n            <div class=\"tab-content\" id=\"nav-tabContent-d7f3464\">\n                                    <div class=\"tab-pane fade show active\" id=\"tab1-2914451\" role=\"tabpanel\" aria-labelledby=\"nav-home-1-2914451\">\n\n\n                                                                            <div class=\"content--teb-area half-sec\">\n                                <div class=\"image--right-area\"><img decoding=\"async\" class=\"nor_imgs\" src=\"https:\/\/demo.rstheme.com\/wordpress\/insurigo\/wp-content\/uploads\/2023\/10\/service_img_h_1_5.jpg\" alt=\"icon-image\" \/><\/div>\n                                <div class=\"content--left-area\">\n\n                                                                            <div class=\"content_part_image\">\n                                                                                    <\/div>\n                                    \n                                                                            <div class=\"title\">Temos uma grande miss\u00e3o<\/div>\n                                                                        <div class=\"desc_btn_wrapper\">\n                                                                                    O documento ou a apresenta\u00e7\u00e3o de servi\u00e7os de seguros pode variar de acordo com o conte\u00fado e o contexto espec\u00edficos. Aqui est\u00e3o alguns t\u00edtulos em potencial que voc\u00ea pode considerar para seus servi\u00e7os de seguro de forma eficaz contra poss\u00edveis perdas ou riscos financeiros.\n<ul class=\"rs-features-list\">\n<li><i class=\"ri-check-double-line\"><\/i>Sua empresa merece o melhor software<\/li>\n<li><i class=\"ri-check-double-line\"><\/i>Oferecemos servi\u00e7os incr\u00edveis<\/li>\n<li><i class=\"ri-check-double-line\"><\/i>Resolva seu problema conosco<\/li>\n<li><i class=\"ri-check-double-line\"><\/i>Suporte vital\u00edcio<\/li>\n<\/ul>                                                                                <div class=\"button-handle\">\n                                                                                            <div class=\"rs-btn first-one\">\n                                                    <a href=\"https:\/\/demo.rstheme.com\/wordpress\/insurigo\/about\/\" class=\"rs_button\">\n                                                        Leia mais                                                                                                            <\/a>\n                                                <\/div>\n                                                                                                                                <\/div>\n                                    <\/div>\n                                <\/div>\n                            <\/div>\n                                            <\/div>\n\n                                    <div class=\"tab-pane fade\" id=\"tab2-2914451\" role=\"tabpanel\" aria-labelledby=\"nav-home-2-2914451\">\n\n\n                                                                            <div class=\"content--teb-area half-sec\">\n                                <div class=\"image--right-area\"><img decoding=\"async\" class=\"nor_imgs\" src=\"https:\/\/demo.rstheme.com\/wordpress\/insurigo\/wp-content\/uploads\/2023\/10\/service_img_h_1_3.jpg\" alt=\"icon-image\" \/><\/div>\n                                <div class=\"content--left-area\">\n\n                                                                            <div class=\"content_part_image\">\n                                                                                    <\/div>\n                                    \n                                                                            <div class=\"title\">Temos uma grande vis\u00e3o<\/div>\n                                                                        <div class=\"desc_btn_wrapper\">\n                                                                                    O documento ou a apresenta\u00e7\u00e3o de servi\u00e7os de seguros pode variar de acordo com o conte\u00fado e o contexto espec\u00edficos. Aqui est\u00e3o alguns t\u00edtulos em potencial que voc\u00ea pode considerar para seus servi\u00e7os de seguro de forma eficaz contra poss\u00edveis perdas ou riscos financeiros.\n<ul class=\"rs-features-list\">\n<li><i class=\"ri-check-double-line\"><\/i>Sua empresa merece o melhor software<\/li>\n<li><i class=\"ri-check-double-line\"><\/i>Oferecemos servi\u00e7os incr\u00edveis<\/li>\n<li><i class=\"ri-check-double-line\"><\/i>Resolva seu problema conosco<\/li>\n<li><i class=\"ri-check-double-line\"><\/i>Suporte vital\u00edcio<\/li>\n<\/ul>                                                                                <div class=\"button-handle\">\n                                                                                            <div class=\"rs-btn first-one\">\n                                                    <a href=\"https:\/\/demo.rstheme.com\/wordpress\/insurigo\/about\/\" class=\"rs_button\">\n                                                        Leia mais                                                                                                            <\/a>\n                                                <\/div>\n                                                                                                                                <\/div>\n                                    <\/div>\n                                <\/div>\n                            <\/div>\n                                            <\/div>\n\n                                    <div class=\"tab-pane fade\" id=\"tab3-2914451\" role=\"tabpanel\" aria-labelledby=\"nav-home-3-2914451\">\n\n\n                                                                            <div class=\"content--teb-area half-sec\">\n                                <div class=\"image--right-area\"><img decoding=\"async\" class=\"nor_imgs\" src=\"https:\/\/demo.rstheme.com\/wordpress\/insurigo\/wp-content\/uploads\/2023\/10\/service_img_h_1.jpg\" alt=\"icon-image\" \/><\/div>\n                                <div class=\"content--left-area\">\n\n                                                                            <div class=\"content_part_image\">\n                                                                                    <\/div>\n                                    \n                                                                            <div class=\"title\">Temos uma \u00f3tima abordagem<\/div>\n                                                                        <div class=\"desc_btn_wrapper\">\n                                                                                    <p>O documento ou a apresenta\u00e7\u00e3o de servi\u00e7os de seguros pode variar de acordo com o conte\u00fado e o contexto espec\u00edficos. Aqui est\u00e3o alguns t\u00edtulos em potencial que voc\u00ea pode considerar para seus servi\u00e7os de seguro de forma eficaz contra poss\u00edveis perdas ou riscos financeiros.<\/p><ul class=\"rs-features-list\"><li><i class=\"ri-check-double-line\"><\/i>Sua empresa merece o melhor software<\/li><li><i class=\"ri-check-double-line\"><\/i>Oferecemos servi\u00e7os incr\u00edveis<\/li><li><i class=\"ri-check-double-line\"><\/i>Resolva seu problema conosco<\/li><li><i class=\"ri-check-double-line\"><\/i>Suporte vital\u00edcio<\/li><\/ul>                                                                                <div class=\"button-handle\">\n                                                                                            <div class=\"rs-btn first-one\">\n                                                    <a href=\"https:\/\/demo.rstheme.com\/wordpress\/insurigo\/about\/\" class=\"rs_button\">\n                                                        Leia mais                                                                                                            <\/a>\n                                                <\/div>\n                                                                                                                                <\/div>\n                                    <\/div>\n                                <\/div>\n                            <\/div>\n                                            <\/div>\n\n                            <\/div>\n        <\/div>\n\n        <div class=\"accordion tab-menu-wrapper accordion-menu-wrapper rs_horizontal\" id=\"accordionExample-d7f3464\">\n\n                            <div class=\"accordion-item nav-tabs\">\n                    <h2 class=\"accordion-headerd\" id=\"heading_1-2914451\">\n                        <button class=\"nav-link accordion-button collapsed\" type=\"button\" data-bs-toggle=\"collapse\" data-bs-target=\"#collapse_1-2914451\" aria-expanded=\"true\" aria-controls=\"collapse_1-2914451\">\n                            <i class=\"ri-linkedin-fill\"><\/i>                            Nossa Miss\u00e3o                        <\/button>\n                    <\/h2>\n                    <div id=\"collapse_1-2914451\" class=\"accordion-collapse collapse show\" aria-labelledby=\"heading_1-2914451\" data-bs-parent=\"#accordionExample-d7f3464\">\n                        <div class=\"tab-pane\">\n\n\n                                                                                    <div class=\"content--teb-area half-sec\">\n                                <div class=\"image--right-area\"><img decoding=\"async\" class=\"nor_imgs\" src=\"https:\/\/demo.rstheme.com\/wordpress\/insurigo\/wp-content\/uploads\/2023\/10\/service_img_h_1_5.jpg\" alt=\"icon-image\" \/><\/div>\n                                <div class=\"content--left-area\">\n\n                                                                            <div class=\"content_part_image\">\n                                                                                    <\/div>\n                                    \n                                                                            <div class=\"title\">Temos uma grande miss\u00e3o<\/div>\n                                                                        <div class=\"desc_btn_wrapper\">\n                                                                                    O documento ou a apresenta\u00e7\u00e3o de servi\u00e7os de seguros pode variar de acordo com o conte\u00fado e o contexto espec\u00edficos. Aqui est\u00e3o alguns t\u00edtulos em potencial que voc\u00ea pode considerar para seus servi\u00e7os de seguro de forma eficaz contra poss\u00edveis perdas ou riscos financeiros.\n<ul class=\"rs-features-list\">\n<li><i class=\"ri-check-double-line\"><\/i>Sua empresa merece o melhor software<\/li>\n<li><i class=\"ri-check-double-line\"><\/i>Oferecemos servi\u00e7os incr\u00edveis<\/li>\n<li><i class=\"ri-check-double-line\"><\/i>Resolva seu problema conosco<\/li>\n<li><i class=\"ri-check-double-line\"><\/i>Suporte vital\u00edcio<\/li>\n<\/ul>                                                                                <div class=\"button-handle\">\n                                                                                            <div class=\"rs-btn first-one\">\n                                                    <a href=\"https:\/\/demo.rstheme.com\/wordpress\/insurigo\/about\/\" class=\"rs_button\">\n                                                        Leia mais                                                                                                            <\/a>\n                                                <\/div>\n                                                                                                                                <\/div>\n                                    <\/div>\n                                <\/div>\n                            <\/div>\n                                                    <\/div>\n                    <\/div>\n                <\/div>\n                            <div class=\"accordion-item nav-tabs\">\n                    <h2 class=\"accordion-headerd\" id=\"heading_2-2914451\">\n                        <button class=\"nav-link accordion-button collapsed\" type=\"button\" data-bs-toggle=\"collapse\" data-bs-target=\"#collapse_2-2914451\" aria-expanded=\"true\" aria-controls=\"collapse_2-2914451\">\n                            <i class=\"ri-linkedin-fill\"><\/i>                            Nossa vis\u00e3o                        <\/button>\n                    <\/h2>\n                    <div id=\"collapse_2-2914451\" class=\"accordion-collapse collapse\" aria-labelledby=\"heading_2-2914451\" data-bs-parent=\"#accordionExample-d7f3464\">\n                        <div class=\"tab-pane\">\n\n\n                                                                                    <div class=\"content--teb-area half-sec\">\n                                <div class=\"image--right-area\"><img decoding=\"async\" class=\"nor_imgs\" src=\"https:\/\/demo.rstheme.com\/wordpress\/insurigo\/wp-content\/uploads\/2023\/10\/service_img_h_1_3.jpg\" alt=\"icon-image\" \/><\/div>\n                                <div class=\"content--left-area\">\n\n                                                                            <div class=\"content_part_image\">\n                                                                                    <\/div>\n                                    \n                                                                            <div class=\"title\">Temos uma grande vis\u00e3o<\/div>\n                                                                        <div class=\"desc_btn_wrapper\">\n                                                                                    O documento ou a apresenta\u00e7\u00e3o de servi\u00e7os de seguros pode variar de acordo com o conte\u00fado e o contexto espec\u00edficos. Aqui est\u00e3o alguns t\u00edtulos em potencial que voc\u00ea pode considerar para seus servi\u00e7os de seguro de forma eficaz contra poss\u00edveis perdas ou riscos financeiros.\n<ul class=\"rs-features-list\">\n<li><i class=\"ri-check-double-line\"><\/i>Sua empresa merece o melhor software<\/li>\n<li><i class=\"ri-check-double-line\"><\/i>Oferecemos servi\u00e7os incr\u00edveis<\/li>\n<li><i class=\"ri-check-double-line\"><\/i>Resolva seu problema conosco<\/li>\n<li><i class=\"ri-check-double-line\"><\/i>Suporte vital\u00edcio<\/li>\n<\/ul>                                                                                <div class=\"button-handle\">\n                                                                                            <div class=\"rs-btn first-one\">\n                                                    <a href=\"https:\/\/demo.rstheme.com\/wordpress\/insurigo\/about\/\" class=\"rs_button\">\n                                                        Leia mais                                                                                                            <\/a>\n                                                <\/div>\n                                                                                                                                <\/div>\n                                    <\/div>\n                                <\/div>\n                            <\/div>\n                                                    <\/div>\n                    <\/div>\n                <\/div>\n                            <div class=\"accordion-item nav-tabs\">\n                    <h2 class=\"accordion-headerd\" id=\"heading_3-2914451\">\n                        <button class=\"nav-link accordion-button collapsed\" type=\"button\" data-bs-toggle=\"collapse\" data-bs-target=\"#collapse_3-2914451\" aria-expanded=\"true\" aria-controls=\"collapse_3-2914451\">\n                            <i class=\"ri-linkedin-fill\"><\/i>                            Nossa abordagem                        <\/button>\n                    <\/h2>\n                    <div id=\"collapse_3-2914451\" class=\"accordion-collapse collapse\" aria-labelledby=\"heading_3-2914451\" data-bs-parent=\"#accordionExample-d7f3464\">\n                        <div class=\"tab-pane\">\n\n\n                                                                                    <div class=\"content--teb-area half-sec\">\n                                <div class=\"image--right-area\"><img decoding=\"async\" class=\"nor_imgs\" src=\"https:\/\/demo.rstheme.com\/wordpress\/insurigo\/wp-content\/uploads\/2023\/10\/service_img_h_1.jpg\" alt=\"icon-image\" \/><\/div>\n                                <div class=\"content--left-area\">\n\n                                                                            <div class=\"content_part_image\">\n                                                                                    <\/div>\n                                    \n                                                                            <div class=\"title\">Temos uma \u00f3tima abordagem<\/div>\n                                                                        <div class=\"desc_btn_wrapper\">\n                                                                                    <p>O documento ou a apresenta\u00e7\u00e3o de servi\u00e7os de seguros pode variar de acordo com o conte\u00fado e o contexto espec\u00edficos. Aqui est\u00e3o alguns t\u00edtulos em potencial que voc\u00ea pode considerar para seus servi\u00e7os de seguro de forma eficaz contra poss\u00edveis perdas ou riscos financeiros.<\/p><ul class=\"rs-features-list\"><li><i class=\"ri-check-double-line\"><\/i>Sua empresa merece o melhor software<\/li><li><i class=\"ri-check-double-line\"><\/i>Oferecemos servi\u00e7os incr\u00edveis<\/li><li><i class=\"ri-check-double-line\"><\/i>Resolva seu problema conosco<\/li><li><i class=\"ri-check-double-line\"><\/i>Suporte vital\u00edcio<\/li><\/ul>                                                                                <div class=\"button-handle\">\n                                                                                            <div class=\"rs-btn first-one\">\n                                                    <a href=\"https:\/\/demo.rstheme.com\/wordpress\/insurigo\/about\/\" class=\"rs_button\">\n                                                        Leia mais                                                                                                            <\/a>\n                                                <\/div>\n                                                                                                                                <\/div>\n                                    <\/div>\n                                <\/div>\n                            <\/div>\n                                                    <\/div>\n                    <\/div>\n                <\/div>\n                    <\/div>\n\t\t\t\t<\/div>\n\t\t\t\t<\/div>\n\t\t\t\t\t<\/div>\n\t\t<\/div>\n\t\t\t\t\t<\/div>\n\t\t<\/section>\n\t\t\t\t<\/div>","protected":false},"excerpt":{"rendered":"<p>Home &gt; Blog Tab Style Three Need any type of insurance policies over the world you can contact us without any hesitation. Our expert support team with help you. Our Mission Our Vision Our Approach We Have A Great Mission Insurance services document or presentation can vary depending on the specific content and context. Here&#8230;<\/p>","protected":false},"author":1,"featured_media":0,"parent":0,"menu_order":0,"comment_status":"closed","ping_status":"closed","template":"elementor_header_footer","meta":{"footnotes":""},"class_list":["post-98838","page","type-page","status-publish","hentry"],"aioseo_notices":[],"_links":{"self":[{"href":"https:\/\/aatlantica.com\/pt\/wp-json\/wp\/v2\/pages\/98838","targetHints":{"allow":["GET"]}}],"collection":[{"href":"https:\/\/aatlantica.com\/pt\/wp-json\/wp\/v2\/pages"}],"about":[{"href":"https:\/\/aatlantica.com\/pt\/wp-json\/wp\/v2\/types\/page"}],"author":[{"embeddable":true,"href":"https:\/\/aatlantica.com\/pt\/wp-json\/wp\/v2\/users\/1"}],"replies":[{"embeddable":true,"href":"https:\/\/aatlantica.com\/pt\/wp-json\/wp\/v2\/comments?post=98838"}],"version-history":[{"count":0,"href":"https:\/\/aatlantica.com\/pt\/wp-json\/wp\/v2\/pages\/98838\/revisions"}],"wp:attachment":[{"href":"https:\/\/aatlantica.com\/pt\/wp-json\/wp\/v2\/media?parent=98838"}],"curies":[{"name":"wp","href":"https:\/\/api.w.org\/{rel}","templated":true}]}}