{"id":98790,"date":"2023-10-24T05:18:05","date_gmt":"2023-10-24T05:18:05","guid":{"rendered":"http:\/\/192.168.0.132:10011\/services-3-copy\/"},"modified":"2023-10-24T05:18:05","modified_gmt":"2023-10-24T05:18:05","slug":"tab-style-one","status":"publish","type":"page","link":"https:\/\/aatlantica.com\/pt\/tab-style-one\/","title":{"rendered":"Estilo de registro um"},"content":{"rendered":"<div data-elementor-type=\"wp-page\" data-elementor-id=\"98790\" class=\"elementor elementor-98790\" data-elementor-post-type=\"page\">\n\t\t\t\t\t\t<section class=\"default show_shadow elementor-section elementor-top-section elementor-element elementor-element-6d64f36 elementor-section-boxed elementor-section-height-default elementor-section-height-default\" data-id=\"6d64f36\" data-element_type=\"section\" data-settings=\"{&quot;background_background&quot;:&quot;classic&quot;}\">\n\t\t\t\t\t\t\t<div class=\"elementor-background-overlay\"><\/div>\n\t\t\t\t\t\t\t<div class=\"elementor-container elementor-column-gap-default\">\n\t\t\t\t\t<div class=\"elementor-column elementor-col-100 elementor-top-column elementor-element elementor-element-72e6a31\" data-id=\"72e6a31\" data-element_type=\"column\">\n\t\t\t<div class=\"elementor-widget-wrap elementor-element-populated\">\n\t\t\t\t\t\t<div class=\"elementor-element elementor-element-a847e16 elementor-widget elementor-widget-rs-breadcrumb\" data-id=\"a847e16\" data-element_type=\"widget\" data-widget_type=\"rs-breadcrumb.default\">\n\t\t\t\t<div class=\"elementor-widget-container\">\n\t\t\t\t\t                    <div class=\"breadcrumb-area style2\"> \n                <div class=\"breadcrumbs-inner\"> \n                    <span property=\"itemListElement\" typeof=\"ListItem\"><a property=\"item\" typeof=\"WebPage\" title=\"V\u00e1 para Atlantica.\" href=\"https:\/\/aatlantica.com\/pt\" class=\"home\" ><span property=\"name\">Atl\u00e2ntica<\/span><\/a><meta property=\"position\" content=\"1\"><\/span> &gt; <span property=\"itemListElement\" typeof=\"ListItem\"><a property=\"item\" typeof=\"WebPage\" title=\"Ir para o blog.\" href=\"https:\/\/aatlantica.com\/pt\/blog\/\" class=\"post-root post post-post\" aria-current=\"page\"><span property=\"name\">Blog<\/span><\/a><meta property=\"position\" content=\"2\"><\/span>                <\/div>\n            <\/div> \n          \n    \t\t\t\t<\/div>\n\t\t\t\t<\/div>\n\t\t\t\t<div class=\"elementor-element elementor-element-c1e22a3 elementor-widget elementor-widget-page-title\" data-id=\"c1e22a3\" data-element_type=\"widget\" data-widget_type=\"page-title.default\">\n\t\t\t\t<div class=\"elementor-widget-container\">\n\t\t\t\t\t\t\t\n\t\t<div class=\"hfe-page-title hfe-page-title-wrapper elementor-widget-heading\">\n\t\t\t\n\t\t\t<h1 class=\"elementor-heading-title elementor-size\">\n\t\t\t\tEstilo de registro um\t\t\t \n\t\t\t<\/h1> \n\n\t\t\t\t\t\t\t\t<\/div>\n\t\t\t\t\t\t<\/div>\n\t\t\t\t<\/div>\n\t\t\t\t<div class=\"elementor-element elementor-element-985cafe elementor-widget__width-initial elementor-widget elementor-widget-text-editor\" data-id=\"985cafe\" data-element_type=\"widget\" data-widget_type=\"text-editor.default\">\n\t\t\t\t\t\t\t\t\t<p>Se precisar de qualquer tipo de ap\u00f3lice de seguro em todo o mundo, entre em contato conosco sem hesita\u00e7\u00e3o. Nossa equipe de suporte especializada o ajudar\u00e1.<\/p>\t\t\t\t\t\t\t\t<\/div>\n\t\t\t\t\t<\/div>\n\t\t<\/div>\n\t\t\t\t\t<\/div>\n\t\t<\/section>\n\t\t\t\t<section class=\"default show_shadow elementor-section elementor-top-section elementor-element elementor-element-b9663b9 elementor-section-stretched elementor-section-boxed elementor-section-height-default elementor-section-height-default\" data-id=\"b9663b9\" data-element_type=\"section\" data-settings=\"{&quot;stretch_section&quot;:&quot;section-stretched&quot;}\">\n\t\t\t\t\t\t<div class=\"elementor-container elementor-column-gap-default\">\n\t\t\t\t\t<div class=\"elementor-column elementor-col-100 elementor-top-column elementor-element elementor-element-927ac84\" data-id=\"927ac84\" data-element_type=\"column\">\n\t\t\t<div class=\"elementor-widget-wrap elementor-element-populated\">\n\t\t\t\t\t\t<section class=\"default show_shadow elementor-section elementor-inner-section elementor-element elementor-element-fd624d2 elementor-section-boxed elementor-section-height-default elementor-section-height-default\" data-id=\"fd624d2\" data-element_type=\"section\" data-settings=\"{&quot;animation&quot;:&quot;none&quot;}\">\n\t\t\t\t\t\t<div class=\"elementor-container elementor-column-gap-default\">\n\t\t\t\t\t<div class=\"elementor-column elementor-col-100 elementor-inner-column elementor-element elementor-element-e1df1ba\" data-id=\"e1df1ba\" data-element_type=\"column\">\n\t\t\t<div class=\"elementor-widget-wrap elementor-element-populated\">\n\t\t\t\t\t\t<div class=\"elementor-element elementor-element-742612d rs-contact-home2 elementor-widget elementor-widget-rs-tab-advanced\" data-id=\"742612d\" data-element_type=\"widget\" data-widget_type=\"rs-tab-advanced.default\">\n\t\t\t\t<div class=\"elementor-widget-container\">\n\t\t\t\t\t\n\n        <div class=\"rstab-main horizontal full_tab_item\">\n            <nav class=\"tab-menu-wrapper\">\n                <div class=\"nav nav-tabs menu-after-border\" id=\"nav-tab-742612d\" role=\"tablist\">\n                                            <button class=\"nav-link active\" id=\"nav-home-1-2988793\" data-bs-toggle=\"tab\" data-bs-target=\"#tab1-2988793\" type=\"button\" role=\"tab\" aria-controls=\"nav-home-1-2988793\" aria-selected=\"true\">\n\n                            \n                            N\u00edvel do plano                        <\/button>\n\n                                            <button class=\"nav-link\" id=\"nav-home-2-2988793\" data-bs-toggle=\"tab\" data-bs-target=\"#tab2-2988793\" type=\"button\" role=\"tab\" aria-controls=\"nav-home-2-2988793\" aria-selected=\"true\">\n\n                            \n                            Idade                        <\/button>\n\n                                            <button class=\"nav-link\" id=\"nav-home-3-2988793\" data-bs-toggle=\"tab\" data-bs-target=\"#tab3-2988793\" type=\"button\" role=\"tab\" aria-controls=\"nav-home-3-2988793\" aria-selected=\"true\">\n\n                            \n                            Empresa                        <\/button>\n\n                                            <button class=\"nav-link\" id=\"nav-home-4-2988793\" data-bs-toggle=\"tab\" data-bs-target=\"#tab4-2988793\" type=\"button\" role=\"tab\" aria-controls=\"nav-home-4-2988793\" aria-selected=\"true\">\n\n                            \n                            Localiza\u00e7\u00e3o                        <\/button>\n\n                                    <\/div>\n            <\/nav>\n            <div class=\"tab-content\" id=\"nav-tabContent-742612d\">\n                                    <div class=\"tab-pane fade show active\" id=\"tab1-2988793\" role=\"tabpanel\" aria-labelledby=\"nav-home-1-2988793\">\n\n\n                                                                            <div class=\"content--teb-area half-sec\">\n                                <div class=\"image--right-area\"><img decoding=\"async\" class=\"nor_imgs\" src=\"https:\/\/demo.rstheme.com\/wordpress\/insurigo\/wp-content\/uploads\/2023\/10\/plan_level.jpg\" alt=\"icon-image\" \/><\/div>\n                                <div class=\"content--left-area\">\n\n                                                                            <div class=\"content_part_image\">\n                                                                                    <\/div>\n                                    \n                                                                            <div class=\"title\">Taxas de seguro familiar por n\u00edvel de plano<\/div>\n                                                                        <div class=\"desc_btn_wrapper\">\n                                                                                    Com base em um candidato (4 pessoas).                                                                                <div class=\"button-handle\">\n                                                                                                                                <\/div>\n                                    <\/div>\n                                <\/div>\n                            <\/div>\n                                            <\/div>\n\n                                    <div class=\"tab-pane fade\" id=\"tab2-2988793\" role=\"tabpanel\" aria-labelledby=\"nav-home-2-2988793\">\n\n\n                                                                            <div class=\"content--teb-area half-sec\">\n                                <div class=\"image--right-area\"><img decoding=\"async\" class=\"nor_imgs\" src=\"https:\/\/demo.rstheme.com\/wordpress\/insurigo\/wp-content\/uploads\/2023\/10\/age_image.jpg\" alt=\"icon-image\" \/><\/div>\n                                <div class=\"content--left-area\">\n\n                                                                            <div class=\"content_part_image\">\n                                                                                    <\/div>\n                                    \n                                                                            <div class=\"title\">Taxas de seguro familiar por idade<\/div>\n                                                                        <div class=\"desc_btn_wrapper\">\n                                                                                    Com base em planos de seguro familiar prata.                                                                                <div class=\"button-handle\">\n                                                                                                                                <\/div>\n                                    <\/div>\n                                <\/div>\n                            <\/div>\n                                            <\/div>\n\n                                    <div class=\"tab-pane fade\" id=\"tab3-2988793\" role=\"tabpanel\" aria-labelledby=\"nav-home-3-2988793\">\n\n\n                                                                            <div class=\"content--teb-area half-sec\">\n                                <div class=\"image--right-area\"><img decoding=\"async\" class=\"nor_imgs\" src=\"https:\/\/demo.rstheme.com\/wordpress\/insurigo\/wp-content\/uploads\/2023\/10\/company_graph_img.jpg\" alt=\"icon-image\" \/><\/div>\n                                <div class=\"content--left-area\">\n\n                                                                            <div class=\"content_part_image\">\n                                                                                    <\/div>\n                                    \n                                                                            <div class=\"title\">Taxas de seguro familiar por empresa<\/div>\n                                                                        <div class=\"desc_btn_wrapper\">\n                                                                                    Com base em um candidato de 40 anos de idade que compra um plano de seguro familiar prata.                                                                                <div class=\"button-handle\">\n                                                                                                                                <\/div>\n                                    <\/div>\n                                <\/div>\n                            <\/div>\n                                            <\/div>\n\n                                    <div class=\"tab-pane fade\" id=\"tab4-2988793\" role=\"tabpanel\" aria-labelledby=\"nav-home-4-2988793\">\n\n\n                                                                            <div class=\"content--teb-area half-sec\">\n                                <div class=\"image--right-area\"><img decoding=\"async\" class=\"nor_imgs\" src=\"https:\/\/demo.rstheme.com\/wordpress\/insurigo\/wp-content\/uploads\/2023\/10\/map_tab.jpg\" alt=\"icon-image\" \/><\/div>\n                                <div class=\"content--left-area\">\n\n                                                                            <div class=\"content_part_image\">\n                                                                                    <\/div>\n                                    \n                                                                            <div class=\"title\">Taxas de seguro familiar por estado<\/div>\n                                                                        <div class=\"desc_btn_wrapper\">\n                                                                                    Com base em uma pessoa de 40 anos com um plano Silver.                                                                                <div class=\"button-handle\">\n                                                                                                                                <\/div>\n                                    <\/div>\n                                <\/div>\n                            <\/div>\n                                            <\/div>\n\n                            <\/div>\n        <\/div>\n\n        <div class=\"accordion tab-menu-wrapper accordion-menu-wrapper rs_horizontal\" id=\"accordionExample-742612d\">\n\n                            <div class=\"accordion-item nav-tabs\">\n                    <h2 class=\"accordion-headerd\" id=\"heading_1-2988793\">\n                        <button class=\"nav-link accordion-button collapsed\" type=\"button\" data-bs-toggle=\"collapse\" data-bs-target=\"#collapse_1-2988793\" aria-expanded=\"true\" aria-controls=\"collapse_1-2988793\">\n                                                        N\u00edvel do plano                        <\/button>\n                    <\/h2>\n                    <div id=\"collapse_1-2988793\" class=\"accordion-collapse collapse show\" aria-labelledby=\"heading_1-2988793\" data-bs-parent=\"#accordionExample-742612d\">\n                        <div class=\"tab-pane\">\n\n\n                                                                                    <div class=\"content--teb-area half-sec\">\n                                <div class=\"image--right-area\"><img decoding=\"async\" class=\"nor_imgs\" src=\"https:\/\/demo.rstheme.com\/wordpress\/insurigo\/wp-content\/uploads\/2023\/10\/plan_level.jpg\" alt=\"icon-image\" \/><\/div>\n                                <div class=\"content--left-area\">\n\n                                                                            <div class=\"content_part_image\">\n                                                                                    <\/div>\n                                    \n                                                                            <div class=\"title\">Taxas de seguro familiar por n\u00edvel de plano<\/div>\n                                                                        <div class=\"desc_btn_wrapper\">\n                                                                                    Com base em um candidato (4 pessoas).                                                                                <div class=\"button-handle\">\n                                                                                                                                <\/div>\n                                    <\/div>\n                                <\/div>\n                            <\/div>\n                                                    <\/div>\n                    <\/div>\n                <\/div>\n                            <div class=\"accordion-item nav-tabs\">\n                    <h2 class=\"accordion-headerd\" id=\"heading_2-2988793\">\n                        <button class=\"nav-link accordion-button collapsed\" type=\"button\" data-bs-toggle=\"collapse\" data-bs-target=\"#collapse_2-2988793\" aria-expanded=\"true\" aria-controls=\"collapse_2-2988793\">\n                                                        Idade                        <\/button>\n                    <\/h2>\n                    <div id=\"collapse_2-2988793\" class=\"accordion-collapse collapse\" aria-labelledby=\"heading_2-2988793\" data-bs-parent=\"#accordionExample-742612d\">\n                        <div class=\"tab-pane\">\n\n\n                                                                                    <div class=\"content--teb-area half-sec\">\n                                <div class=\"image--right-area\"><img decoding=\"async\" class=\"nor_imgs\" src=\"https:\/\/demo.rstheme.com\/wordpress\/insurigo\/wp-content\/uploads\/2023\/10\/age_image.jpg\" alt=\"icon-image\" \/><\/div>\n                                <div class=\"content--left-area\">\n\n                                                                            <div class=\"content_part_image\">\n                                                                                    <\/div>\n                                    \n                                                                            <div class=\"title\">Taxas de seguro familiar por idade<\/div>\n                                                                        <div class=\"desc_btn_wrapper\">\n                                                                                    Com base em planos de seguro familiar prata.                                                                                <div class=\"button-handle\">\n                                                                                                                                <\/div>\n                                    <\/div>\n                                <\/div>\n                            <\/div>\n                                                    <\/div>\n                    <\/div>\n                <\/div>\n                            <div class=\"accordion-item nav-tabs\">\n                    <h2 class=\"accordion-headerd\" id=\"heading_3-2988793\">\n                        <button class=\"nav-link accordion-button collapsed\" type=\"button\" data-bs-toggle=\"collapse\" data-bs-target=\"#collapse_3-2988793\" aria-expanded=\"true\" aria-controls=\"collapse_3-2988793\">\n                                                        Empresa                        <\/button>\n                    <\/h2>\n                    <div id=\"collapse_3-2988793\" class=\"accordion-collapse collapse\" aria-labelledby=\"heading_3-2988793\" data-bs-parent=\"#accordionExample-742612d\">\n                        <div class=\"tab-pane\">\n\n\n                                                                                    <div class=\"content--teb-area half-sec\">\n                                <div class=\"image--right-area\"><img decoding=\"async\" class=\"nor_imgs\" src=\"https:\/\/demo.rstheme.com\/wordpress\/insurigo\/wp-content\/uploads\/2023\/10\/company_graph_img.jpg\" alt=\"icon-image\" \/><\/div>\n                                <div class=\"content--left-area\">\n\n                                                                            <div class=\"content_part_image\">\n                                                                                    <\/div>\n                                    \n                                                                            <div class=\"title\">Taxas de seguro familiar por empresa<\/div>\n                                                                        <div class=\"desc_btn_wrapper\">\n                                                                                    Com base em um candidato de 40 anos de idade que compra um plano de seguro familiar prata.                                                                                <div class=\"button-handle\">\n                                                                                                                                <\/div>\n                                    <\/div>\n                                <\/div>\n                            <\/div>\n                                                    <\/div>\n                    <\/div>\n                <\/div>\n                            <div class=\"accordion-item nav-tabs\">\n                    <h2 class=\"accordion-headerd\" id=\"heading_4-2988793\">\n                        <button class=\"nav-link accordion-button collapsed\" type=\"button\" data-bs-toggle=\"collapse\" data-bs-target=\"#collapse_4-2988793\" aria-expanded=\"true\" aria-controls=\"collapse_4-2988793\">\n                                                        Localiza\u00e7\u00e3o                        <\/button>\n                    <\/h2>\n                    <div id=\"collapse_4-2988793\" class=\"accordion-collapse collapse\" aria-labelledby=\"heading_4-2988793\" data-bs-parent=\"#accordionExample-742612d\">\n                        <div class=\"tab-pane\">\n\n\n                                                                                    <div class=\"content--teb-area half-sec\">\n                                <div class=\"image--right-area\"><img decoding=\"async\" class=\"nor_imgs\" src=\"https:\/\/demo.rstheme.com\/wordpress\/insurigo\/wp-content\/uploads\/2023\/10\/map_tab.jpg\" alt=\"icon-image\" \/><\/div>\n                                <div class=\"content--left-area\">\n\n                                                                            <div class=\"content_part_image\">\n                                                                                    <\/div>\n                                    \n                                                                            <div class=\"title\">Taxas de seguro familiar por estado<\/div>\n                                                                        <div class=\"desc_btn_wrapper\">\n                                                                                    Com base em uma pessoa de 40 anos com um plano Silver.                                                                                <div class=\"button-handle\">\n                                                                                                                                <\/div>\n                                    <\/div>\n                                <\/div>\n                            <\/div>\n                                                    <\/div>\n                    <\/div>\n                <\/div>\n                    <\/div>\n\t\t\t\t<\/div>\n\t\t\t\t<\/div>\n\t\t\t\t\t<\/div>\n\t\t<\/div>\n\t\t\t\t\t<\/div>\n\t\t<\/section>\n\t\t\t\t<div class=\"elementor-element elementor-element-8e72de3 elementor-widget__width-auto elementor-absolute elementor-hidden-tablet elementor-hidden-mobile_extra elementor-hidden-mobile elementor-widget elementor-widget-rs-image\" data-id=\"8e72de3\" data-element_type=\"widget\" data-settings=\"{&quot;_position&quot;:&quot;absolute&quot;}\" data-widget_type=\"rs-image.default\">\n\t\t\t\t<div class=\"elementor-widget-container\">\n\t\t\t\t\t\n        <div class=\"rs-image no\">\n                                                <img decoding=\"async\" class=\"rs-multi-image  reverse- blend_unset\" src=\"https:\/\/demo.rstheme.com\/wordpress\/insurigo\/wp-content\/uploads\/2023\/10\/money_2.png\" alt=\"image\"\/>\n                                                                        <\/div>   \n          \n    \t\t\t\t<\/div>\n\t\t\t\t<\/div>\n\t\t\t\t<div class=\"elementor-element elementor-element-d9e1864 elementor-widget__width-auto elementor-absolute elementor-hidden-tablet elementor-hidden-mobile_extra elementor-hidden-mobile elementor-widget elementor-widget-rs-image\" data-id=\"d9e1864\" data-element_type=\"widget\" data-settings=\"{&quot;_position&quot;:&quot;absolute&quot;}\" data-widget_type=\"rs-image.default\">\n\t\t\t\t<div class=\"elementor-widget-container\">\n\t\t\t\t\t\n        <div class=\"rs-image no\">\n                                                <img decoding=\"async\" class=\"rs-multi-image  reverse- blend_unset\" src=\"https:\/\/demo.rstheme.com\/wordpress\/insurigo\/wp-content\/uploads\/2023\/10\/tab_man_image.png\" alt=\"image\"\/>\n                                                                        <\/div>   \n          \n    \t\t\t\t<\/div>\n\t\t\t\t<\/div>\n\t\t\t\t\t<\/div>\n\t\t<\/div>\n\t\t\t\t\t<\/div>\n\t\t<\/section>\n\t\t\t\t<\/div>","protected":false},"excerpt":{"rendered":"<p>Home &gt; Blog Tab Style One Need any type of insurance policies over the world you can contact us without any hesitation. Our expert support team with help you. Plan Level Age Company Location Family insurance rates by plan level Based on (4 person) applicant. Family insurance rates by age Based on silver family insurance&#8230;<\/p>","protected":false},"author":1,"featured_media":0,"parent":0,"menu_order":0,"comment_status":"closed","ping_status":"closed","template":"elementor_header_footer","meta":{"footnotes":""},"class_list":["post-98790","page","type-page","status-publish","hentry"],"aioseo_notices":[],"_links":{"self":[{"href":"https:\/\/aatlantica.com\/pt\/wp-json\/wp\/v2\/pages\/98790","targetHints":{"allow":["GET"]}}],"collection":[{"href":"https:\/\/aatlantica.com\/pt\/wp-json\/wp\/v2\/pages"}],"about":[{"href":"https:\/\/aatlantica.com\/pt\/wp-json\/wp\/v2\/types\/page"}],"author":[{"embeddable":true,"href":"https:\/\/aatlantica.com\/pt\/wp-json\/wp\/v2\/users\/1"}],"replies":[{"embeddable":true,"href":"https:\/\/aatlantica.com\/pt\/wp-json\/wp\/v2\/comments?post=98790"}],"version-history":[{"count":0,"href":"https:\/\/aatlantica.com\/pt\/wp-json\/wp\/v2\/pages\/98790\/revisions"}],"wp:attachment":[{"href":"https:\/\/aatlantica.com\/pt\/wp-json\/wp\/v2\/media?parent=98790"}],"curies":[{"name":"wp","href":"https:\/\/api.w.org\/{rel}","templated":true}]}}