{"id":86238,"date":"2023-09-29T05:08:34","date_gmt":"2023-09-29T05:08:34","guid":{"rendered":"http:\/\/192.168.0.132:10011\/home-copy\/"},"modified":"2023-09-29T05:08:34","modified_gmt":"2023-09-29T05:08:34","slug":"faq","status":"publish","type":"page","link":"https:\/\/aatlantica.com\/pt\/faq\/","title":{"rendered":"Perguntas frequentes"},"content":{"rendered":"<div data-elementor-type=\"wp-page\" data-elementor-id=\"86238\" class=\"elementor elementor-86238\" data-elementor-post-type=\"page\">\n\t\t\t\t\t\t<section class=\"default show_shadow elementor-section elementor-top-section elementor-element elementor-element-bd5def1 elementor-section-boxed elementor-section-height-default elementor-section-height-default\" data-id=\"bd5def1\" data-element_type=\"section\" data-settings=\"{&quot;background_background&quot;:&quot;classic&quot;}\">\n\t\t\t\t\t\t\t<div class=\"elementor-background-overlay\"><\/div>\n\t\t\t\t\t\t\t<div class=\"elementor-container elementor-column-gap-default\">\n\t\t\t\t\t<div class=\"elementor-column elementor-col-100 elementor-top-column elementor-element elementor-element-0b50eaa\" data-id=\"0b50eaa\" data-element_type=\"column\">\n\t\t\t<div class=\"elementor-widget-wrap elementor-element-populated\">\n\t\t\t\t\t\t<div class=\"elementor-element elementor-element-d49d38c elementor-widget elementor-widget-rs-breadcrumb\" data-id=\"d49d38c\" data-element_type=\"widget\" data-widget_type=\"rs-breadcrumb.default\">\n\t\t\t\t<div class=\"elementor-widget-container\">\n\t\t\t\t\t                    <div class=\"breadcrumb-area style2\"> \n                <div class=\"breadcrumbs-inner\"> \n                    <span property=\"itemListElement\" typeof=\"ListItem\"><a property=\"item\" typeof=\"WebPage\" title=\"V\u00e1 para Atlantica.\" href=\"https:\/\/aatlantica.com\/pt\" class=\"home\" ><span property=\"name\">Atl\u00e2ntica<\/span><\/a><meta property=\"position\" content=\"1\"><\/span> &gt; <span property=\"itemListElement\" typeof=\"ListItem\"><a property=\"item\" typeof=\"WebPage\" title=\"Ir para o blog.\" href=\"https:\/\/aatlantica.com\/pt\/blog\/\" class=\"post-root post post-post\" aria-current=\"page\"><span property=\"name\">Blog<\/span><\/a><meta property=\"position\" content=\"2\"><\/span>                <\/div>\n            <\/div> \n          \n    \t\t\t\t<\/div>\n\t\t\t\t<\/div>\n\t\t\t\t<div class=\"elementor-element elementor-element-47f1d53 elementor-widget elementor-widget-page-title\" data-id=\"47f1d53\" data-element_type=\"widget\" data-widget_type=\"page-title.default\">\n\t\t\t\t<div class=\"elementor-widget-container\">\n\t\t\t\t\t\t\t\n\t\t<div class=\"hfe-page-title hfe-page-title-wrapper elementor-widget-heading\">\n\t\t\t\n\t\t\t<h1 class=\"elementor-heading-title elementor-size\">\n\t\t\t\tPerguntas frequentes\t\t\t \n\t\t\t<\/h1> \n\n\t\t\t\t\t\t\t\t<\/div>\n\t\t\t\t\t\t<\/div>\n\t\t\t\t<\/div>\n\t\t\t\t<div class=\"elementor-element elementor-element-cf0384b elementor-widget__width-initial elementor-widget elementor-widget-text-editor\" data-id=\"cf0384b\" data-element_type=\"widget\" data-widget_type=\"text-editor.default\">\n\t\t\t\t\t\t\t\t\t<p>Se precisar de qualquer tipo de ap\u00f3lice de seguro em todo o mundo, entre em contato conosco sem hesita\u00e7\u00e3o. Nossa equipe de suporte especializada o ajudar\u00e1.<\/p>\t\t\t\t\t\t\t\t<\/div>\n\t\t\t\t\t<\/div>\n\t\t<\/div>\n\t\t\t\t\t<\/div>\n\t\t<\/section>\n\t\t\t\t<section class=\"default show_shadow elementor-section elementor-top-section elementor-element elementor-element-31ef9be elementor-section-boxed elementor-section-height-default elementor-section-height-default\" data-id=\"31ef9be\" data-element_type=\"section\">\n\t\t\t\t\t\t<div class=\"elementor-container elementor-column-gap-default\">\n\t\t\t\t\t<div class=\"elementor-column elementor-col-100 elementor-top-column elementor-element elementor-element-31a2c12\" data-id=\"31a2c12\" data-element_type=\"column\">\n\t\t\t<div class=\"elementor-widget-wrap elementor-element-populated\">\n\t\t\t\t\t\t<section class=\"default show_shadow elementor-section elementor-inner-section elementor-element elementor-element-6c7648f elementor-section-boxed elementor-section-height-default elementor-section-height-default\" data-id=\"6c7648f\" data-element_type=\"section\">\n\t\t\t\t\t\t<div class=\"elementor-container elementor-column-gap-default\">\n\t\t\t\t\t<div class=\"elementor-column elementor-col-100 elementor-inner-column elementor-element elementor-element-8856fb6\" data-id=\"8856fb6\" data-element_type=\"column\">\n\t\t\t<div class=\"elementor-widget-wrap elementor-element-populated\">\n\t\t\t\t\t\t<div class=\"elementor-element elementor-element-35e21fa elementor-widget elementor-widget-rs-heading\" data-id=\"35e21fa\" data-element_type=\"widget\" data-widget_type=\"rs-heading.default\">\n\t\t\t\t<div class=\"elementor-widget-container\">\n\t\t\t\t\t\n      \t\n        <div class=\"prelements-heading  style3 animate- center normal_color  subnormal_color dots_ subnormal_color\">\n        \t<div class=\"title-inner\">      \t\t\n\t            <h2 class=\"title\"><span class=\"watermark\"><\/span>Obtenha sua resposta<\/h2>\t\t\t\t\n\t\t\t\t\t        <\/div>\n\t                <\/div>\n        \t\t\t\t<\/div>\n\t\t\t\t<\/div>\n\t\t\t\t<div class=\"elementor-element elementor-element-2b1f1f2 elementor-widget elementor-widget-rs-accordions-custom\" data-id=\"2b1f1f2\" data-element_type=\"widget\" data-widget_type=\"rs-accordions-custom.default\">\n\t\t\t\t<div class=\"elementor-widget-container\">\n\t\t\t\t\t\r\n            <div class=\"rs-accordion-area accordion style1\" id=\"rs_accordion_inner_31711\">\r\n                \r\n                <div class=\"accordion-item\">\r\n                    <div class=\"accordion-header\" id=\"heading295393\">\r\n                        <div class=\"accordion-button\" data-bs-toggle=\"collapse\" data-bs-target=\"#collapse_295393\" aria-controls=\"collapse_295393\">\r\n                                                            <span class=\"elementor-accordion-icon elementor-accordion-icon-right\" aria-hidden=\"true\">\r\n                                                                            <span class=\"elementor-accordion-icon-closed\"><svg class=\"e-font-icon-svg e-fas-plus\" viewbox=\"0 0 448 512\" xmlns=\"http:\/\/www.w3.org\/2000\/svg\"><path d=\"M416 208H272V64c0-17.67-14.33-32-32-32h-32c-17.67 0-32 14.33-32 32v144H32c-17.67 0-32 14.33-32 32v32c0 17.67 14.33 32 32 32h144v144c0 17.67 14.33 32 32 32h32c17.67 0 32-14.33 32-32V304h144c17.67 0 32-14.33 32-32v-32c0-17.67-14.33-32-32-32z\"><\/path><\/svg><\/span>\r\n                                        <span class=\"elementor-accordion-icon-opened\"><svg class=\"e-font-icon-svg e-fas-minus\" viewbox=\"0 0 448 512\" xmlns=\"http:\/\/www.w3.org\/2000\/svg\"><path d=\"M416 208H32c-17.67 0-32 14.33-32 32v32c0 17.67 14.33 32 32 32h384c17.67 0 32-14.33 32-32v-32c0-17.67-14.33-32-32-32z\"><\/path><\/svg><\/span>\r\n                                                                    <\/span>\r\n                                                    \r\n\r\n                                                                                        \r\n                                                        <div class=\"tab-title\">01. O que \u00e9 servi\u00e7o de seguro?<\/div>\r\n                            \r\n                            \r\n                        <\/div>\r\n                    <\/div>\r\n\r\n                                        <div id=\"collapse_295393\" class=\"accordion-collapse collapse show\" aria-labelledby=\"heading295393\" data-bs-parent=\"#rs_accordion_inner_31711\">\r\n                        <div class=\"accordion-body\">\r\n                            Cultivar profissionalmente o atendimento individual ao cliente com ideias robustas e recursos dinamicamente inovadores.                        <\/div>\r\n                    <\/div>\r\n                                    <\/div>\r\n                  \r\n                <div class=\"accordion-item\">\r\n                    <div class=\"accordion-header\" id=\"heading295394\">\r\n                        <div class=\"accordion-button collapsed\" data-bs-toggle=\"collapse\" data-bs-target=\"#collapse_295394\" aria-controls=\"collapse_295394\">\r\n                                                            <span class=\"elementor-accordion-icon elementor-accordion-icon-right\" aria-hidden=\"true\">\r\n                                                                            <span class=\"elementor-accordion-icon-closed\"><svg class=\"e-font-icon-svg e-fas-plus\" viewbox=\"0 0 448 512\" xmlns=\"http:\/\/www.w3.org\/2000\/svg\"><path d=\"M416 208H272V64c0-17.67-14.33-32-32-32h-32c-17.67 0-32 14.33-32 32v144H32c-17.67 0-32 14.33-32 32v32c0 17.67 14.33 32 32 32h144v144c0 17.67 14.33 32 32 32h32c17.67 0 32-14.33 32-32V304h144c17.67 0 32-14.33 32-32v-32c0-17.67-14.33-32-32-32z\"><\/path><\/svg><\/span>\r\n                                        <span class=\"elementor-accordion-icon-opened\"><svg class=\"e-font-icon-svg e-fas-minus\" viewbox=\"0 0 448 512\" xmlns=\"http:\/\/www.w3.org\/2000\/svg\"><path d=\"M416 208H32c-17.67 0-32 14.33-32 32v32c0 17.67 14.33 32 32 32h384c17.67 0 32-14.33 32-32v-32c0-17.67-14.33-32-32-32z\"><\/path><\/svg><\/span>\r\n                                                                    <\/span>\r\n                                                    \r\n\r\n                                                                                        \r\n                                                        <div class=\"tab-title\">02. Quantos servi\u00e7os oferecemos?<\/div>\r\n                            \r\n                            \r\n                        <\/div>\r\n                    <\/div>\r\n\r\n                                        <div id=\"collapse_295394\" class=\"accordion-collapse collapse\" aria-labelledby=\"heading295394\" data-bs-parent=\"#rs_accordion_inner_31711\">\r\n                        <div class=\"accordion-body\">\r\n                            Cultivar profissionalmente o atendimento individual ao cliente com ideias robustas e recursos dinamicamente inovadores.                        <\/div>\r\n                    <\/div>\r\n                                    <\/div>\r\n                  \r\n                <div class=\"accordion-item\">\r\n                    <div class=\"accordion-header\" id=\"heading295395\">\r\n                        <div class=\"accordion-button collapsed\" data-bs-toggle=\"collapse\" data-bs-target=\"#collapse_295395\" aria-controls=\"collapse_295395\">\r\n                                                            <span class=\"elementor-accordion-icon elementor-accordion-icon-right\" aria-hidden=\"true\">\r\n                                                                            <span class=\"elementor-accordion-icon-closed\"><svg class=\"e-font-icon-svg e-fas-plus\" viewbox=\"0 0 448 512\" xmlns=\"http:\/\/www.w3.org\/2000\/svg\"><path d=\"M416 208H272V64c0-17.67-14.33-32-32-32h-32c-17.67 0-32 14.33-32 32v144H32c-17.67 0-32 14.33-32 32v32c0 17.67 14.33 32 32 32h144v144c0 17.67 14.33 32 32 32h32c17.67 0 32-14.33 32-32V304h144c17.67 0 32-14.33 32-32v-32c0-17.67-14.33-32-32-32z\"><\/path><\/svg><\/span>\r\n                                        <span class=\"elementor-accordion-icon-opened\"><svg class=\"e-font-icon-svg e-fas-minus\" viewbox=\"0 0 448 512\" xmlns=\"http:\/\/www.w3.org\/2000\/svg\"><path d=\"M416 208H32c-17.67 0-32 14.33-32 32v32c0 17.67 14.33 32 32 32h384c17.67 0 32-14.33 32-32v-32c0-17.67-14.33-32-32-32z\"><\/path><\/svg><\/span>\r\n                                                                    <\/span>\r\n                                                    \r\n\r\n                                                                                        \r\n                                                        <div class=\"tab-title\">03. Qual \u00e9 a experi\u00eancia dos membros da nossa equipe?<\/div>\r\n                            \r\n                            \r\n                        <\/div>\r\n                    <\/div>\r\n\r\n                                        <div id=\"collapse_295395\" class=\"accordion-collapse collapse\" aria-labelledby=\"heading295395\" data-bs-parent=\"#rs_accordion_inner_31711\">\r\n                        <div class=\"accordion-body\">\r\n                            Cultivar profissionalmente o atendimento individual ao cliente com ideias robustas e recursos dinamicamente inovadores.                        <\/div>\r\n                    <\/div>\r\n                                    <\/div>\r\n                  \r\n                <div class=\"accordion-item\">\r\n                    <div class=\"accordion-header\" id=\"heading295396\">\r\n                        <div class=\"accordion-button collapsed\" data-bs-toggle=\"collapse\" data-bs-target=\"#collapse_295396\" aria-controls=\"collapse_295396\">\r\n                                                            <span class=\"elementor-accordion-icon elementor-accordion-icon-right\" aria-hidden=\"true\">\r\n                                                                            <span class=\"elementor-accordion-icon-closed\"><svg class=\"e-font-icon-svg e-fas-plus\" viewbox=\"0 0 448 512\" xmlns=\"http:\/\/www.w3.org\/2000\/svg\"><path d=\"M416 208H272V64c0-17.67-14.33-32-32-32h-32c-17.67 0-32 14.33-32 32v144H32c-17.67 0-32 14.33-32 32v32c0 17.67 14.33 32 32 32h144v144c0 17.67 14.33 32 32 32h32c17.67 0 32-14.33 32-32V304h144c17.67 0 32-14.33 32-32v-32c0-17.67-14.33-32-32-32z\"><\/path><\/svg><\/span>\r\n                                        <span class=\"elementor-accordion-icon-opened\"><svg class=\"e-font-icon-svg e-fas-minus\" viewbox=\"0 0 448 512\" xmlns=\"http:\/\/www.w3.org\/2000\/svg\"><path d=\"M416 208H32c-17.67 0-32 14.33-32 32v32c0 17.67 14.33 32 32 32h384c17.67 0 32-14.33 32-32v-32c0-17.67-14.33-32-32-32z\"><\/path><\/svg><\/span>\r\n                                                                    <\/span>\r\n                                                    \r\n\r\n                                                                                        \r\n                                                        <div class=\"tab-title\">04. Por que somos a melhor empresa?<\/div>\r\n                            \r\n                            \r\n                        <\/div>\r\n                    <\/div>\r\n\r\n                                        <div id=\"collapse_295396\" class=\"accordion-collapse collapse\" aria-labelledby=\"heading295396\" data-bs-parent=\"#rs_accordion_inner_31711\">\r\n                        <div class=\"accordion-body\">\r\n                            Cultivar profissionalmente o atendimento individual ao cliente com ideias robustas e recursos dinamicamente inovadores.                        <\/div>\r\n                    <\/div>\r\n                                    <\/div>\r\n                            <\/div>\r\n        \t\t\t\t<\/div>\n\t\t\t\t<\/div>\n\t\t\t\t<section class=\"default show_shadow elementor-section elementor-inner-section elementor-element elementor-element-0af7437 elementor-section-boxed elementor-section-height-default elementor-section-height-default\" data-id=\"0af7437\" data-element_type=\"section\">\n\t\t\t\t\t\t<div class=\"elementor-container elementor-column-gap-default\">\n\t\t\t\t\t<div class=\"elementor-column elementor-col-100 elementor-inner-column elementor-element elementor-element-020df1a\" data-id=\"020df1a\" data-element_type=\"column\" data-settings=\"{&quot;background_background&quot;:&quot;classic&quot;}\">\n\t\t\t<div class=\"elementor-widget-wrap elementor-element-populated\">\n\t\t\t\t\t\t<div class=\"elementor-element elementor-element-454f2a9 elementor-widget__width-auto elementor-widget-mobile__width-inherit elementor-widget elementor-widget-rs-heading\" data-id=\"454f2a9\" data-element_type=\"widget\" data-widget_type=\"rs-heading.default\">\n\t\t\t\t<div class=\"elementor-widget-container\">\n\t\t\t\t\t\n      \t\n        <div class=\"prelements-heading  style3 animate- left normal_color  subnormal_color dots_ subnormal_color\">\n        \t<div class=\"title-inner\">      \t\t\n\t            \t\t\t\t\n\t\t\t\t\t        <\/div>\n\t                    \t<div class=\"description\">\n            \t\t            \t\t<p>Ainda tem alguma d\u00favida?<\/p>  \n            \t<\/div>\n        \t        <\/div>\n        \t\t\t\t<\/div>\n\t\t\t\t<\/div>\n\t\t\t\t<div class=\"elementor-element elementor-element-15a99ea elementor-widget__width-auto elementor-widget-mobile__width-inherit elementor-widget elementor-widget-rs-button\" data-id=\"15a99ea\" data-element_type=\"widget\" data-widget_type=\"rs-button.default\">\n\t\t\t\t<div class=\"elementor-widget-container\">\n\t\t\t\t\t\r\n\t\t\t\t\t<div class=\"rs-btn style6 normal_color\">\r\n\t\t\t\t\t\t\t\t<a class=\"rs_button popup-none\" href=\"https:\/\/demo.rstheme.com\/wordpress\/insurigo\/contact\" >\r\n\r\n\r\n\t\t\t\t\t\r\n\t\t\t\t\t\t\t\t\t\t<span class=\"btn_text\" data-btn-text=\"Get in Touch\">\r\n\t\t\t\t\t\r\n\t\t\t\t\t\tEntre em contato\t\t\t\t\t\t\t\t\t\t\t<\/span>\r\n\r\n\t\t\t\t\t\t\t\t\t\t\t\t\t\t\t\t\t\t<svg xmlns=\"http:\/\/www.w3.org\/2000\/svg\" width=\"16\" height=\"12\" viewbox=\"0 0 16 12\"><path d=\"M15.5303 6.53033C15.8232 6.23744 15.8232 5.76256 15.5303 5.46967L10.7574 0.696699C10.4645 0.403806 9.98959 0.403806 9.6967 0.696699C9.40381 0.989593 9.40381 1.46447 9.6967 1.75736L13.9393 6L9.6967 10.2426C9.40381 10.5355 9.40381 11.0104 9.6967 11.3033C9.98959 11.5962 10.4645 11.5962 10.7574 11.3033L15.5303 6.53033ZM0 6.75H15V5.25H0V6.75Z\" fill=\"#656567\"><\/path><\/svg>\t\t\t\t\t\t\t\t\t\t\t\t\t\t\t\t\t\t\t\t\t\t\t\t\t<\/a>\r\n\t\t\t<\/div> \r\n\t\t\r\n\t\t   \r\n\t\t\t\t\t<\/div>\n\t\t\t\t<\/div>\n\t\t\t\t\t<\/div>\n\t\t<\/div>\n\t\t\t\t\t<\/div>\n\t\t<\/section>\n\t\t\t\t\t<\/div>\n\t\t<\/div>\n\t\t\t\t\t<\/div>\n\t\t<\/section>\n\t\t\t\t\t<\/div>\n\t\t<\/div>\n\t\t\t\t\t<\/div>\n\t\t<\/section>\n\t\t\t\t<\/div>","protected":false},"excerpt":{"rendered":"<p>Home &gt; Blog Faq Need any type of insurance policies over the world you can contact us without any hesitation. Our expert support team with help you. Get your answer 01. What is insurance service? Completely synergize resource taxing relationships via premier niche markets.Professionally cultivate one-to-one customer service with robust ideas dynamically innovate resource. 02&#8230;.<\/p>","protected":false},"author":1,"featured_media":0,"parent":0,"menu_order":0,"comment_status":"closed","ping_status":"closed","template":"elementor_header_footer","meta":{"footnotes":""},"class_list":["post-86238","page","type-page","status-publish","hentry"],"aioseo_notices":[],"_links":{"self":[{"href":"https:\/\/aatlantica.com\/pt\/wp-json\/wp\/v2\/pages\/86238","targetHints":{"allow":["GET"]}}],"collection":[{"href":"https:\/\/aatlantica.com\/pt\/wp-json\/wp\/v2\/pages"}],"about":[{"href":"https:\/\/aatlantica.com\/pt\/wp-json\/wp\/v2\/types\/page"}],"author":[{"embeddable":true,"href":"https:\/\/aatlantica.com\/pt\/wp-json\/wp\/v2\/users\/1"}],"replies":[{"embeddable":true,"href":"https:\/\/aatlantica.com\/pt\/wp-json\/wp\/v2\/comments?post=86238"}],"version-history":[{"count":0,"href":"https:\/\/aatlantica.com\/pt\/wp-json\/wp\/v2\/pages\/86238\/revisions"}],"wp:attachment":[{"href":"https:\/\/aatlantica.com\/pt\/wp-json\/wp\/v2\/media?parent=86238"}],"curies":[{"name":"wp","href":"https:\/\/api.w.org\/{rel}","templated":true}]}}